{"id":930,"date":"2026-04-18T10:38:43","date_gmt":"2026-04-18T13:38:43","guid":{"rendered":"https:\/\/www.nqq2050.niteroi.rj.gov.br\/?page_id=930"},"modified":"2026-04-29T07:52:52","modified_gmt":"2026-04-29T10:52:52","slug":"e-book","status":"publish","type":"page","link":"https:\/\/www.nqq2050.niteroi.rj.gov.br\/?page_id=930","title":{"rendered":"E-book"},"content":{"rendered":"\n<pre class=\"wp-block-code\"><code><\/code><\/pre>\n\n\n\n<div class=\"wp-block-group alignwide has-global-padding is-layout-constrained wp-container-core-group-is-layout-1cfdb9ee wp-block-group-is-layout-constrained\">\n<div class=\"wp-block-media-text is-stacked-on-mobile\" style=\"grid-template-columns:40% auto\"><figure class=\"wp-block-media-text__media\"><img loading=\"lazy\" decoding=\"async\" width=\"514\" height=\"514\" src=\"https:\/\/www.nqq2050.niteroi.rj.gov.br\/wp-content\/uploads\/2026\/04\/capa-nqq.jpg\" alt=\"\" class=\"wp-image-937 size-full\" srcset=\"https:\/\/www.nqq2050.niteroi.rj.gov.br\/wp-content\/uploads\/2026\/04\/capa-nqq.jpg 514w, https:\/\/www.nqq2050.niteroi.rj.gov.br\/wp-content\/uploads\/2026\/04\/capa-nqq-300x300.jpg 300w, https:\/\/www.nqq2050.niteroi.rj.gov.br\/wp-content\/uploads\/2026\/04\/capa-nqq-150x150.jpg 150w\" sizes=\"auto, (max-width: 514px) 100vw, 514px\" \/><\/figure><div class=\"wp-block-media-text__content\">\n<p class=\"has-text-align-center has-medium-font-size\"><strong>CONHE\u00c7A O NITER\u00d3I QUE QUEREMOS 2050<\/strong><\/p>\n\n\n\n<p class=\"has-text-align-center\">Acesse o e-book e saiba mais sobre as estrat\u00e9gias que v\u00e3o orientar o desenvolvimento da cidade at\u00e9 2050.<\/p>\n\n\n\n<div class=\"wp-block-buttons is-content-justification-center is-layout-flex wp-container-core-buttons-is-layout-a89b3969 wp-block-buttons-is-layout-flex\">\n<div class=\"wp-block-button\"><a class=\"wp-block-button__link has-text-align-center wp-element-button\" href=\"https:\/\/sites.niteroi.rj.gov.br\/Livro_Niteroi_que_Queremos_2050_Ebook.pdf\">BAIXA E-BOOK<\/a><\/div>\n<\/div>\n<\/div><\/div>\n<\/div>\n\n\n\n<pre class=\"wp-block-code\"><code><\/code><\/pre>\n\n\n\n<script data-b24-form=\"inline\/25\/vg263n\" data-skip-moving=\"true\">(function(w,d,u){var s=d.createElement('script');s.async=true;s.src=u+'?'+(Date.now()\/180000|0);var h=d.getElementsByTagName('script')[0];h.parentNode.insertBefore(s,h);})(window,document,'https:\/\/cdn.bitrix24.com.br\/b30349105\/crm\/form\/loader_25.js');<\/script>\n\n\n\n<p><\/p>\n","protected":false},"excerpt":{"rendered":"<p>CONHE\u00c7A O NITER\u00d3I QUE QUEREMOS 2050 Acesse o e-book e saiba mais sobre as estrat\u00e9gias que v\u00e3o orientar o desenvolvimento da cidade at\u00e9 2050.<\/p>\n","protected":false},"author":3,"featured_media":0,"parent":0,"menu_order":0,"comment_status":"closed","ping_status":"closed","template":"","meta":{"footnotes":""},"class_list":["post-930","page","type-page","status-publish","hentry"],"_links":{"self":[{"href":"https:\/\/www.nqq2050.niteroi.rj.gov.br\/index.php?rest_route=\/wp\/v2\/pages\/930","targetHints":{"allow":["GET"]}}],"collection":[{"href":"https:\/\/www.nqq2050.niteroi.rj.gov.br\/index.php?rest_route=\/wp\/v2\/pages"}],"about":[{"href":"https:\/\/www.nqq2050.niteroi.rj.gov.br\/index.php?rest_route=\/wp\/v2\/types\/page"}],"author":[{"embeddable":true,"href":"https:\/\/www.nqq2050.niteroi.rj.gov.br\/index.php?rest_route=\/wp\/v2\/users\/3"}],"replies":[{"embeddable":true,"href":"https:\/\/www.nqq2050.niteroi.rj.gov.br\/index.php?rest_route=%2Fwp%2Fv2%2Fcomments&post=930"}],"version-history":[{"count":13,"href":"https:\/\/www.nqq2050.niteroi.rj.gov.br\/index.php?rest_route=\/wp\/v2\/pages\/930\/revisions"}],"predecessor-version":[{"id":956,"href":"https:\/\/www.nqq2050.niteroi.rj.gov.br\/index.php?rest_route=\/wp\/v2\/pages\/930\/revisions\/956"}],"wp:attachment":[{"href":"https:\/\/www.nqq2050.niteroi.rj.gov.br\/index.php?rest_route=%2Fwp%2Fv2%2Fmedia&parent=930"}],"curies":[{"name":"wp","href":"https:\/\/api.w.org\/{rel}","templated":true}]}}